{"id":2974,"date":"2024-07-25T18:58:32","date_gmt":"2024-07-25T22:58:32","guid":{"rendered":"https:\/\/jrhenterprises.com\/?post_type=product&#038;p=2974"},"modified":"2025-05-13T10:14:48","modified_gmt":"2025-05-13T14:14:48","slug":"infiray-bolt-640-th50cv2-thermal-weapon-sight","status":"publish","type":"product","link":"https:\/\/jrhenterprises.com\/index.php\/product\/infiray-bolt-640-th50cv2-thermal-weapon-sight\/","title":{"rendered":"InfiRay BOLT TX60C Thermal Weapon Sight 1024&#215;1024 60mm"},"content":{"rendered":"<p><!-- Google Tag Manager --><br \/>\n<script>(function(w,d,s,l,i){w[l]=w[l]||[];w[l].push({'gtm.start':\nnew Date().getTime(),event:'gtm.js'});var f=d.getElementsByTagName(s)[0],\nj=d.createElement(s),dl=l!='dataLayer'?'&l='+l:'';j.async=true;j.src=\n'https:\/\/www.googletagmanager.com\/gtm.js?id='+i+dl;f.parentNode.insertBefore(j,f);\n})(window,document,'script','dataLayer','GTM-WJBBGHMF');<\/script><br \/>\n<!-- End Google Tag Manager --><\/p>\n<article class=\"productView-description\">\n<div class=\"tabs-contents\">\n<div id=\"tab-description\" class=\"tab-content is-active\">\n<p>The BOLT TX60C provides hunters with a high-resolution 1024\u00d71024 InfiRay Micro II thermal sensor at a native 3\u00d7 magnification and digital zoom up to 16\u00d7, ideal for predator hunting and longer-range shots. Increased resolution paired with a higher base magnification means less resolution is lost at higher zoom levels. A fast f\/1.0 germanium objective lens, a sensitivity rating of \u226418mK, and a round 2560\u00d72560 AMOLED display provide exceptional detail and precision. The round 30mm body design allows for easy mounting with the included one-piece cantilever mount or standard scope rings. Wirelessly paired with the ILR-1200-1 Laser Rangefinding module, the TX60C is capable of displaying real-time ranges on-screen and even calculating a firing solution using customizable projectile data and the onboard ballistic calculator.<\/p>\n<p><center><img loading=\"lazy\" decoding=\"async\" src=\"https:\/\/cdn11.bigcommerce.com\/s-ngfbblokec\/images\/stencil\/original\/image-manager\/tx60c-callout-1280x960.jpg?t=1715099527\" alt=\"\" width=\"1280\" height=\"960\" \/><\/center><img loading=\"lazy\" decoding=\"async\" src=\"https:\/\/cdn11.bigcommerce.com\/s-ngfbblokec\/images\/stencil\/original\/image-manager\/tx60-ac112-600x400.jpg?t=1715099875\" alt=\"\" width=\"450\" height=\"300\" \/><\/p>\n<p>The TX60C comes with a 30 mm one-piece quick-detach scope mount with dual-locking levers (AC112) to mount the scope on any rifle with a Picatinny rail. The QD design makes it easy to swap out your thermal optic with a day scope, or share one thermal on multiple rifles.<\/p>\n<p>&nbsp;<\/p>\n<p><img loading=\"lazy\" decoding=\"async\" src=\"https:\/\/cdn11.bigcommerce.com\/s-ngfbblokec\/images\/stencil\/original\/image-manager\/tx60c-18650-600x400.jpg?t=1715099926\" alt=\"\" width=\"450\" height=\"300\" \/><\/p>\n<p>&nbsp;<\/p>\n<p>As an evolution from previous BOLT series models, the TX60C can now directly accept common 18650 cell batteries (button-top version) without an extension\/adapter.<\/p>\n<p>&nbsp;<\/p>\n<p>&nbsp;<\/p>\n<p>&nbsp;<\/p>\n<p>&nbsp;<\/p>\n<\/div>\n<\/div>\n<\/article>\n<article class=\"productView-description mb-12\">\n<ul class=\"grid gap-4 md:grid-cols-6 md:gap-6\">\n<li id=\"tech-specs-Optics\" class=\"col-span-3 bg-white rounded-lg shadow tech-specs-container\">\n<div class=\"bg-gray-50\">\n<div class=\"max-w-screen-xl mx-auto py-4 px-4 sm:px-6 lg:py-6 lg:px-8\">\n<h2 class=\"text-xl leading-9 font-extrabold text-gray-900 sm:text-2xl sm:leading-10\">Optics<\/h2>\n<div class=\"mt-2 border-t-2 border-gray-200 pt-6\">\n<div class=\"md:grid md:grid-cols-3 custom-field\">Objective Focal Length: 60mm<\/div>\n<div class=\"md:grid md:grid-cols-3 custom-field\">Detection Range: 2700 Yards<\/div>\n<div class=\"md:grid md:grid-cols-3 custom-field\">Optical Magnification: 3X<\/div>\n<div class=\"md:grid md:grid-cols-3 custom-field\">Digital Magnification: 4X, stepped<\/div>\n<div class=\"md:grid md:grid-cols-3 custom-field\">Horizontal Angular Field of View: 11.7\u00b0<\/div>\n<div class=\"md:grid md:grid-cols-3 custom-field\">Objective Lens Material: Germanium<\/div>\n<div class=\"md:grid md:grid-cols-3 custom-field\">Vertical Angular Field of View: 11.7\u00b0<\/div>\n<div class=\"md:grid md:grid-cols-3 custom-field\">Objective Diameter: 60mm<\/div>\n<div class=\"md:grid md:grid-cols-3 custom-field\">Objective F#: 1.0<\/div>\n<div class=\"md:grid md:grid-cols-3 custom-field\">Focusing Mechanism: Manual Focus<\/div>\n<div class=\"md:grid md:grid-cols-3 custom-field\">Eye Relief: 50mm<\/div>\n<div class=\"md:grid md:grid-cols-3 custom-field\">Diopter Range: -5 &#8211; +3.5<\/div>\n<div class=\"md:grid md:grid-cols-3 custom-field\">Display Type: AMOLED<\/div>\n<div class=\"md:grid md:grid-cols-3 custom-field\">Display Resolution: 2560\u00d72560<\/div>\n<\/div>\n<\/div>\n<\/div>\n<\/li>\n<li id=\"tech-specs-Features &amp; Performance\" class=\"col-span-3 bg-white rounded-lg shadow tech-specs-container\">\n<div class=\"bg-gray-50\">\n<div class=\"max-w-screen-xl mx-auto py-4 px-4 sm:px-6 lg:py-6 lg:px-8\">\n<h2 class=\"text-xl leading-9 font-extrabold text-gray-900 sm:text-2xl sm:leading-10\">Features &amp; Performance<\/h2>\n<div class=\"mt-2 border-t-2 border-gray-200 pt-6\">\n<div class=\"md:grid md:grid-cols-3 custom-field\">Reticle: 7 (1 Dynamic, 5 Static, 1 DIY)<\/div>\n<div class=\"md:grid md:grid-cols-3 custom-field\">Color Palettes: White Hot, Black Hot, Red Hot, Color, Violet, Crimson, Viridian<\/div>\n<div class=\"md:grid md:grid-cols-3 custom-field\">Rangefinder: Bluetooth ILR-1200-1 LRF (Optional)<\/div>\n<div class=\"md:grid md:grid-cols-3 custom-field\">Stand-by Mode: Yes<\/div>\n<div class=\"md:grid md:grid-cols-3 custom-field\">Picture-in-Picture: Yes<\/div>\n<div class=\"md:grid md:grid-cols-3 custom-field\">Image Capture: Yes<\/div>\n<div class=\"md:grid md:grid-cols-3 custom-field\">Wifi: Yes<\/div>\n<div class=\"md:grid md:grid-cols-3 custom-field\">Mobile App: Yes<\/div>\n<div class=\"md:grid md:grid-cols-3 custom-field\">User-Updatable Firmware: Yes<\/div>\n<div class=\"md:grid md:grid-cols-3 custom-field\">Connector Type: USB-C<\/div>\n<div class=\"md:grid md:grid-cols-3 custom-field\">Connector Output: Power\/Data<\/div>\n<div class=\"md:grid md:grid-cols-3 custom-field\">Storage Capacity: 128GB<\/div>\n<div class=\"md:grid md:grid-cols-3 custom-field\">Onboard Recording: Yes<\/div>\n<div class=\"md:grid md:grid-cols-3 custom-field\">Power Source: USB-C External, 18650 Battery<\/div>\n<div class=\"md:grid md:grid-cols-3 custom-field\">Run Time: 8+<\/div>\n<div class=\"md:grid md:grid-cols-3 custom-field\">External Power Source: USB-C<\/div>\n<div class=\"md:grid md:grid-cols-3 custom-field\">Warranty: 5 Years<\/div>\n<div class=\"md:grid md:grid-cols-3 custom-field\">Startup Time: &lt;10 Seconds, Instant from Standby<\/div>\n<div class=\"md:grid md:grid-cols-3 custom-field\">Country of Manufacture: China<\/div>\n<\/div>\n<\/div>\n<\/div>\n<\/li>\n<li id=\"tech-specs-Environmental Specifications\" class=\"col-span-3 bg-white rounded-lg shadow tech-specs-container\">\n<div class=\"bg-gray-50\">\n<div class=\"max-w-screen-xl mx-auto py-4 px-4 sm:px-6 lg:py-6 lg:px-8\">\n<h2 class=\"text-xl leading-9 font-extrabold text-gray-900 sm:text-2xl sm:leading-10\">Environmental Specifications<\/h2>\n<div class=\"mt-2 border-t-2 border-gray-200 pt-6\">\n<div class=\"md:grid md:grid-cols-3 custom-field\">Operating Temperature Range: -4\u00b0F~122\u00b0F<\/div>\n<div class=\"md:grid md:grid-cols-3 custom-field\">Ingress Protection: IP67<\/div>\n<div class=\"md:grid md:grid-cols-3 custom-field\">Recoil Rating: 1000 g\/s\u00b2 (300 Win.\/7mm Mag)<\/div>\n<\/div>\n<\/div>\n<\/div>\n<\/li>\n<li id=\"tech-specs-Physical\" class=\"col-span-3 bg-white rounded-lg shadow tech-specs-container\">\n<div class=\"bg-gray-50\">\n<div class=\"max-w-screen-xl mx-auto py-4 px-4 sm:px-6 lg:py-6 lg:px-8\">\n<h2 class=\"text-xl leading-9 font-extrabold text-gray-900 sm:text-2xl sm:leading-10\">Physical<\/h2>\n<div class=\"mt-2 border-t-2 border-gray-200 pt-6\">\n<div class=\"md:grid md:grid-cols-3 custom-field\">Length: 15.12<\/div>\n<div class=\"md:grid md:grid-cols-3 custom-field\">Weight: 35.27 Oz<\/div>\n<div class=\"md:grid md:grid-cols-3 custom-field\">Height: 3.03<\/div>\n<div class=\"md:grid md:grid-cols-3 custom-field\">Width: 4.09<\/div>\n<div class=\"md:grid md:grid-cols-3 custom-field\">Mounting Interface: Picatinny MIL-STD 1913 Rail<\/div>\n<div class=\"md:grid md:grid-cols-3 custom-field\">Housing Material: Aluminum<\/div>\n<\/div>\n<\/div>\n<\/div>\n<\/li>\n<li id=\"tech-specs-Sensor Specifications\" class=\"col-span-3 bg-white rounded-lg shadow tech-specs-container\">\n<div class=\"bg-gray-50\">\n<div class=\"max-w-screen-xl mx-auto py-4 px-4 sm:px-6 lg:py-6 lg:px-8\">\n<h2 class=\"text-xl leading-9 font-extrabold text-gray-900 sm:text-2xl sm:leading-10\">Sensor Specifications<\/h2>\n<div class=\"mt-2 border-t-2 border-gray-200 pt-6\">\n<div class=\"md:grid md:grid-cols-3 custom-field\">Device Technology: Thermal Imaging<\/div>\n<div class=\"md:grid md:grid-cols-3 custom-field\">Sensor Type: InfiRay MICRO II<\/div>\n<div class=\"md:grid md:grid-cols-3 custom-field\">Sensor Resolution: 1024&#215;1024<\/div>\n<div class=\"md:grid md:grid-cols-3 custom-field\">Sensor Pixel Size: 12\u03bcm<\/div>\n<div class=\"md:grid md:grid-cols-3 custom-field\">Sensor Frame Rate: 50hz<\/div>\n<div class=\"md:grid md:grid-cols-3 custom-field\">Thermal Sensitivity: &lt;18mk<\/div>\n<div class=\"md:grid md:grid-cols-3 custom-field\">Non-Uniformity Correction (NUC): Manual, Automatic, Semi-Automatic<\/div>\n<\/div>\n<\/div>\n<\/div>\n<\/li>\n<\/ul>\n<\/article>\n<p><!-- Google Tag Manager (noscript) --><br \/>\n<noscript><iframe src=\"https:\/\/www.googletagmanager.com\/ns.html?id=GTM-WJBBGHMF\"\nheight=\"0\" width=\"0\" style=\"display:none;visibility:hidden\"><\/iframe><\/noscript><br \/>\n<!-- End Google Tag Manager (noscript) --><\/p>\n","protected":false},"excerpt":{"rendered":"<p>InfiRay BOLT TX60C Thermal Weapon Sight 1024&#215;1024 60mm<\/p>\n<p class=\"text-xl md:text-3xl font-bold\">\n","protected":false},"featured_media":3676,"comment_status":"open","ping_status":"closed","template":"","meta":{"_monsterinsights_skip_tracking":false,"_monsterinsights_sitenote_active":false,"_monsterinsights_sitenote_note":"","_monsterinsights_sitenote_category":0,"slim_seo":{"title":"InfiRay BOLT TX60C Thermal Weapon Sight 1024x1024 60mm - JRH Enterprises","description":"InfiRay BOLT TX60C Thermal Weapon Sight 1024x1024 60mm"},"_glsr_average":0,"_glsr_ranking":0,"_glsr_reviews":0},"product_brand":[263],"product_cat":[27,35],"product_tag":[219,220,218,79,80,163,118],"class_list":{"0":"post-2974","1":"product","2":"type-product","3":"status-publish","4":"has-post-thumbnail","6":"product_brand-infiray","7":"product_cat-thermal-imagers","8":"product_cat-weapon-sights","9":"product_tag-1024x1024","10":"product_tag-60mm","11":"product_tag-bolt-tx60c","12":"product_tag-infiray","13":"product_tag-iray","14":"product_tag-thermal-scope","15":"product_tag-weapon-sight","16":"product_shipping_class-usps-priority-mail-flat-rate-with-insurance-b","17":"thunk-woo-product-list","18":"opn-qv-enable","19":"top-store-woo-hover-","20":"top-store-single-product-tab-horizontal","21":"top-store-shadow-","22":"top-store-shadow-hover-","24":"first","25":"outofstock","26":"sale","27":"shipping-taxable","28":"purchasable","29":"product-type-simple"},"_links":{"self":[{"href":"https:\/\/jrhenterprises.com\/index.php\/wp-json\/wp\/v2\/product\/2974","targetHints":{"allow":["GET"]}}],"collection":[{"href":"https:\/\/jrhenterprises.com\/index.php\/wp-json\/wp\/v2\/product"}],"about":[{"href":"https:\/\/jrhenterprises.com\/index.php\/wp-json\/wp\/v2\/types\/product"}],"replies":[{"embeddable":true,"href":"https:\/\/jrhenterprises.com\/index.php\/wp-json\/wp\/v2\/comments?post=2974"}],"wp:featuredmedia":[{"embeddable":true,"href":"https:\/\/jrhenterprises.com\/index.php\/wp-json\/wp\/v2\/media\/3676"}],"wp:attachment":[{"href":"https:\/\/jrhenterprises.com\/index.php\/wp-json\/wp\/v2\/media?parent=2974"}],"wp:term":[{"taxonomy":"product_brand","embeddable":true,"href":"https:\/\/jrhenterprises.com\/index.php\/wp-json\/wp\/v2\/product_brand?post=2974"},{"taxonomy":"product_cat","embeddable":true,"href":"https:\/\/jrhenterprises.com\/index.php\/wp-json\/wp\/v2\/product_cat?post=2974"},{"taxonomy":"product_tag","embeddable":true,"href":"https:\/\/jrhenterprises.com\/index.php\/wp-json\/wp\/v2\/product_tag?post=2974"}],"curies":[{"name":"wp","href":"https:\/\/api.w.org\/{rel}","templated":true}]}}